{"id":73,"date":"2014-06-10T13:14:14","date_gmt":"2014-06-10T11:14:14","guid":{"rendered":"http:\/\/www.sotarnailund.se\/?page_id=73"},"modified":"2026-03-03T23:23:52","modified_gmt":"2026-03-03T22:23:52","slug":"hem","status":"publish","type":"page","link":"https:\/\/www.sotarnailund.se\/","title":{"rendered":""},"content":{"rendered":"<div class=\"entry-content\">\n<h2 style=\"text-align: center;\">V\u00e4lkomna till Sotningsv\u00e4sendet i Lund!<\/h2>\n<p style=\"text-align: center;\"><em>Fr\u00e5n och med 1\/10 2017 utf\u00f6r vi \u00e4ven den lagstadgade sotningen i Sj\u00f6bo, Tomelilla, Simrishamn och Ystad kommun.<\/em><\/p>\n<p style=\"text-align: center;\"><em>Hj\u00e4lp oss att bli \u00e4nnu b\u00e4ttre genom att svara p\u00e5 v\u00e5r kundenk\u00e4t. Det tar bara n\u00e5gra minuter och det g\u00e5r bra att vara anonym! Tack p\u00e5 f\u00f6rhand!<\/em><\/p>\n<p style=\"text-align: center;\">\n<\/div>\n<p>&nbsp;<\/p>\n","protected":false},"excerpt":{"rendered":"<p>V\u00e4lkomna till Sotningsv\u00e4sendet i Lund! Fr\u00e5n och med 1\/10 2017 utf\u00f6r vi \u00e4ven den lagstadgade sotningen i Sj\u00f6bo, Tomelilla, Simrishamn och Ystad kommun. Hj\u00e4lp oss att bli \u00e4nnu b\u00e4ttre genom <a class=\"more-link\" href=\"https:\/\/www.sotarnailund.se\/\">Continue Reading &rarr;<\/a><\/p>\n","protected":false},"author":1,"featured_media":0,"parent":0,"menu_order":0,"comment_status":"closed","ping_status":"closed","template":"","meta":{"footnotes":""},"class_list":["post-73","page","type-page","status-publish","hentry"],"_links":{"self":[{"href":"https:\/\/www.sotarnailund.se\/index.php?rest_route=\/wp\/v2\/pages\/73","targetHints":{"allow":["GET"]}}],"collection":[{"href":"https:\/\/www.sotarnailund.se\/index.php?rest_route=\/wp\/v2\/pages"}],"about":[{"href":"https:\/\/www.sotarnailund.se\/index.php?rest_route=\/wp\/v2\/types\/page"}],"author":[{"embeddable":true,"href":"https:\/\/www.sotarnailund.se\/index.php?rest_route=\/wp\/v2\/users\/1"}],"replies":[{"embeddable":true,"href":"https:\/\/www.sotarnailund.se\/index.php?rest_route=%2Fwp%2Fv2%2Fcomments&post=73"}],"version-history":[{"count":17,"href":"https:\/\/www.sotarnailund.se\/index.php?rest_route=\/wp\/v2\/pages\/73\/revisions"}],"predecessor-version":[{"id":214,"href":"https:\/\/www.sotarnailund.se\/index.php?rest_route=\/wp\/v2\/pages\/73\/revisions\/214"}],"wp:attachment":[{"href":"https:\/\/www.sotarnailund.se\/index.php?rest_route=%2Fwp%2Fv2%2Fmedia&parent=73"}],"curies":[{"name":"wp","href":"https:\/\/api.w.org\/{rel}","templated":true}]}}