{"id":27,"date":"2014-06-09T11:33:19","date_gmt":"2014-06-09T09:33:19","guid":{"rendered":"http:\/\/www.sotarnailund.se\/?page_id=27"},"modified":"2026-03-03T23:26:14","modified_gmt":"2026-03-03T22:26:14","slug":"kontakt","status":"publish","type":"page","link":"https:\/\/www.sotarnailund.se\/?page_id=27","title":{"rendered":"Kontakt"},"content":{"rendered":"<p><strong style=\"font-family: 'Helvetica Neue', Arial, sans-serif; font-size: 1.5rem;\">V\u00e4lkommen att kontakta oss om du har n\u00e5gra funderingar!<\/strong><\/p>\n<address>\n<h5><strong>Vi tr\u00e4ffas s\u00e4krast p\u00e5 telefon helgfria vardagar mellan 8,00-14,00<\/strong><\/h5>\n<h5><strong>Kontaktperson:<\/strong> Matthias Collowin<\/h5>\n<\/address>\n<p><strong>Adress<\/strong><\/p>\n<p>Sotningsv\u00e4sendet i Lund AB<br \/>\nVeber\u00f6dsv\u00e4gen 30<br \/>\n247 56 Dalby<\/p>\n<p><strong>Telefon: <\/strong>046 &#8211; 20 90 94<br \/>\n<strong>E-post: <\/strong>info@sotarnailund.se<\/p>\n<p><strong>Matthias Collowin:\u00a0<\/strong>smis72@hotmail.se<\/p>\n<p><strong>Anders Olsson:\u00a0<\/strong>aosotare@outlook.com<\/p>\n\n<div class=\"wpcf7 no-js\" id=\"wpcf7-f102-o1\" lang=\"sv-SE\" dir=\"ltr\" data-wpcf7-id=\"102\">\n<div class=\"screen-reader-response\"><p role=\"status\" aria-live=\"polite\" aria-atomic=\"true\"><\/p> <ul><\/ul><\/div>\n<form action=\"\/index.php?rest_route=%2Fwp%2Fv2%2Fpages%2F27#wpcf7-f102-o1\" method=\"post\" class=\"wpcf7-form init\" aria-label=\"Kontaktformul\u00e4r\" novalidate=\"novalidate\" data-status=\"init\">\n<fieldset class=\"hidden-fields-container\"><input type=\"hidden\" name=\"_wpcf7\" value=\"102\" \/><input type=\"hidden\" name=\"_wpcf7_version\" value=\"6.1.5\" \/><input type=\"hidden\" name=\"_wpcf7_locale\" value=\"sv_SE\" \/><input type=\"hidden\" name=\"_wpcf7_unit_tag\" value=\"wpcf7-f102-o1\" \/><input type=\"hidden\" name=\"_wpcf7_container_post\" value=\"0\" \/><input type=\"hidden\" name=\"_wpcf7_posted_data_hash\" value=\"\" \/>\n<\/fieldset>\n<p>Namn (obligatorisk)\n<\/p>\n<p><span class=\"wpcf7-form-control-wrap\" data-name=\"your-name\"><input size=\"40\" maxlength=\"400\" class=\"wpcf7-form-control wpcf7-text wpcf7-validates-as-required\" aria-required=\"true\" aria-invalid=\"false\" value=\"\" type=\"text\" name=\"your-name\" \/><\/span>\n<\/p>\n<p>E-post (obligatorisk)\n<\/p>\n<p><span class=\"wpcf7-form-control-wrap\" data-name=\"your-email\"><input size=\"40\" maxlength=\"400\" class=\"wpcf7-form-control wpcf7-email wpcf7-validates-as-required wpcf7-text wpcf7-validates-as-email\" aria-required=\"true\" aria-invalid=\"false\" value=\"\" type=\"email\" name=\"your-email\" \/><\/span>\n<\/p>\n<p>Telefonnummer\n<\/p>\n<p><span class=\"wpcf7-form-control-wrap\" data-name=\"tel-618\"><input size=\"40\" maxlength=\"400\" class=\"wpcf7-form-control wpcf7-tel wpcf7-text wpcf7-validates-as-tel\" aria-invalid=\"false\" value=\"\" type=\"tel\" name=\"tel-618\" \/><\/span>\n<\/p>\n<p>\u00c4mne\n<\/p>\n<p><span class=\"wpcf7-form-control-wrap\" data-name=\"your-subject\"><input size=\"40\" maxlength=\"400\" class=\"wpcf7-form-control wpcf7-text\" aria-invalid=\"false\" value=\"\" type=\"text\" name=\"your-subject\" \/><\/span>\n<\/p>\n<p>Ditt meddelande\n<\/p>\n<p><span class=\"wpcf7-form-control-wrap\" data-name=\"your-message\"><textarea cols=\"40\" rows=\"10\" maxlength=\"2000\" class=\"wpcf7-form-control wpcf7-textarea\" aria-invalid=\"false\" name=\"your-message\"><\/textarea><\/span>\n<\/p>\n<p><input class=\"wpcf7-form-control wpcf7-submit has-spinner\" type=\"submit\" value=\"Skicka\" \/>\n<\/p><div class=\"wpcf7-response-output\" aria-hidden=\"true\"><\/div>\n<\/form>\n<\/div>\n\n","protected":false},"excerpt":{"rendered":"<p>V\u00e4lkommen att kontakta oss om du har n\u00e5gra funderingar! Vi tr\u00e4ffas s\u00e4krast p\u00e5 telefon helgfria vardagar mellan 8,00-14,00 Kontaktperson: Matthias Collowin Adress Sotningsv\u00e4sendet i Lund AB Veber\u00f6dsv\u00e4gen 30 247 56 <a class=\"more-link\" href=\"https:\/\/www.sotarnailund.se\/?page_id=27\">Continue Reading &rarr;<\/a><\/p>\n","protected":false},"author":1,"featured_media":0,"parent":0,"menu_order":0,"comment_status":"closed","ping_status":"closed","template":"","meta":{"footnotes":""},"class_list":["post-27","page","type-page","status-publish","hentry"],"_links":{"self":[{"href":"https:\/\/www.sotarnailund.se\/index.php?rest_route=\/wp\/v2\/pages\/27","targetHints":{"allow":["GET"]}}],"collection":[{"href":"https:\/\/www.sotarnailund.se\/index.php?rest_route=\/wp\/v2\/pages"}],"about":[{"href":"https:\/\/www.sotarnailund.se\/index.php?rest_route=\/wp\/v2\/types\/page"}],"author":[{"embeddable":true,"href":"https:\/\/www.sotarnailund.se\/index.php?rest_route=\/wp\/v2\/users\/1"}],"replies":[{"embeddable":true,"href":"https:\/\/www.sotarnailund.se\/index.php?rest_route=%2Fwp%2Fv2%2Fcomments&post=27"}],"version-history":[{"count":16,"href":"https:\/\/www.sotarnailund.se\/index.php?rest_route=\/wp\/v2\/pages\/27\/revisions"}],"predecessor-version":[{"id":217,"href":"https:\/\/www.sotarnailund.se\/index.php?rest_route=\/wp\/v2\/pages\/27\/revisions\/217"}],"wp:attachment":[{"href":"https:\/\/www.sotarnailund.se\/index.php?rest_route=%2Fwp%2Fv2%2Fmedia&parent=27"}],"curies":[{"name":"wp","href":"https:\/\/api.w.org\/{rel}","templated":true}]}}