{"id":23,"date":"2014-06-09T11:32:27","date_gmt":"2014-06-09T09:32:27","guid":{"rendered":"http:\/\/www.sotarnailund.se\/?page_id=23"},"modified":"2026-03-04T11:55:18","modified_gmt":"2026-03-04T10:55:18","slug":"ventilation","status":"publish","type":"page","link":"https:\/\/www.sotarnailund.se\/?page_id=23","title":{"rendered":"Ventilation"},"content":{"rendered":"<p>&nbsp;<\/p>\n<h4><strong>En god ventilation &#8211; en trygghet f\u00f6r folkh\u00e4lsan<\/strong><\/h4>\n<p>Vi tillbringar ungef\u00e4r 90 procent av v\u00e5r tid inomhus och \u00e4r d\u00e4rf\u00f6r beroende av att v\u00e5rt inomhusklimat \u00e4r bra.<\/p>\n<p><strong>Regelbundna kontroller minskar riskerna<\/strong><\/p>\n<p>I vilken sorts hus du \u00e4n bor i \u00e4r det viktigt att ventilationssystemet regelbundet ses \u00f6ver. Ventilationskanalerna blir smutsiga med tiden och kan i v\u00e4rsta fall gro igen helt. L\u00e5t din skorstenfejarm\u00e4stare regelbundet inspektera ditt system och reng\u00f6ra kanalerna, s\u00e5 minskar risken f\u00f6r sjukdom och allergi. Du kommer ocks\u00e5 att sova b\u00e4ttre om natten &#8211; och vara piggare om dagen.<\/p>\n<p><strong>Sj\u00e4lvdrag<\/strong><\/p>\n<p>I \u00e4ldre hus finns ofta inget mekaniskt ventilationssystem, utan man f\u00f6rlitar sig p\u00e5 naturlagarna. Den \u00e4r allts\u00e5 mer effektiv p\u00e5 vintern \u00e4n p\u00e5 sommaren. Sj\u00e4ldragsprincipen fungerar b\u00e4st i \u00e4ldre, relativt ot\u00e4ta hus, och under f\u00f6ruts\u00e4ttning att kanalerna \u00e4r rena.<\/p>\n<p><strong>Mekanisk fr\u00e5nluftsventilation<\/strong><\/p>\n<p>H\u00e4r har man satt in ventiler i taket kopplat till ett kanalsystem som suger ut luft fr\u00e5n badrum, tv\u00e4ttstuga och k\u00f6k med hj\u00e4lp av en fl\u00e4kt. Tilluften kommer in p\u00e5 samma s\u00e4tt som vid sj\u00e4ldragsventilation, men fl\u00e4kten g\u00f6r att luftv\u00e4xlingen fungerar lika effektivt b\u00e5de sommar och vinter. <strong>Mekanisk fr\u00e5n- och tilluftsventilation med energi\u00e5tervinning<\/strong><\/p>\n<p>Vill man spara uppv\u00e4rniningskostnader genom att inte sl\u00e4ppa in s\u00e5 mycket kall luft i huset, kan man bygga in en v\u00e4rmev\u00e4xlare i det balanserade ventilationssystemet. V\u00e4rmev\u00e4xlare f\u00f6r \u00f6ver v\u00e4rme fr\u00e5n fr\u00e5nluft som g\u00e5r ut till den nya uteluften som \u00e4r p\u00e5 v\u00e4g in. Den inkommande tilluften kyler d\u00e5 inte ner lika mycket och man beh\u00f6ver inte h\u00f6ja v\u00e4rmeeffekten i samma utstr\u00e4ckning. Man b\u00f6r dock inte stirra sig blind p\u00e5 den energivinst man kan g\u00f6ra genom en v\u00e4rmev\u00e4xlare. T\u00e4nk p\u00e5 att det kr\u00e4vs energi ocks\u00e5 f\u00f6r att driva luften genom v\u00e4rmev\u00e4xlaren, vilket minskar besparingen.<\/p>\n","protected":false},"excerpt":{"rendered":"<p>&nbsp; En god ventilation &#8211; en trygghet f\u00f6r folkh\u00e4lsan Vi tillbringar ungef\u00e4r 90 procent av v\u00e5r tid inomhus och \u00e4r d\u00e4rf\u00f6r beroende av att v\u00e5rt inomhusklimat \u00e4r bra. Regelbundna kontroller <a class=\"more-link\" href=\"https:\/\/www.sotarnailund.se\/?page_id=23\">Continue Reading &rarr;<\/a><\/p>\n","protected":false},"author":1,"featured_media":0,"parent":0,"menu_order":0,"comment_status":"closed","ping_status":"open","template":"","meta":{"footnotes":""},"class_list":["post-23","page","type-page","status-publish","hentry"],"_links":{"self":[{"href":"https:\/\/www.sotarnailund.se\/index.php?rest_route=\/wp\/v2\/pages\/23","targetHints":{"allow":["GET"]}}],"collection":[{"href":"https:\/\/www.sotarnailund.se\/index.php?rest_route=\/wp\/v2\/pages"}],"about":[{"href":"https:\/\/www.sotarnailund.se\/index.php?rest_route=\/wp\/v2\/types\/page"}],"author":[{"embeddable":true,"href":"https:\/\/www.sotarnailund.se\/index.php?rest_route=\/wp\/v2\/users\/1"}],"replies":[{"embeddable":true,"href":"https:\/\/www.sotarnailund.se\/index.php?rest_route=%2Fwp%2Fv2%2Fcomments&post=23"}],"version-history":[{"count":8,"href":"https:\/\/www.sotarnailund.se\/index.php?rest_route=\/wp\/v2\/pages\/23\/revisions"}],"predecessor-version":[{"id":224,"href":"https:\/\/www.sotarnailund.se\/index.php?rest_route=\/wp\/v2\/pages\/23\/revisions\/224"}],"wp:attachment":[{"href":"https:\/\/www.sotarnailund.se\/index.php?rest_route=%2Fwp%2Fv2%2Fmedia&parent=23"}],"curies":[{"name":"wp","href":"https:\/\/api.w.org\/{rel}","templated":true}]}}