{"id":17,"date":"2014-06-09T11:29:40","date_gmt":"2014-06-09T09:29:40","guid":{"rendered":"http:\/\/www.sotarnailund.se\/?page_id=17"},"modified":"2026-03-03T23:31:26","modified_gmt":"2026-03-03T22:31:26","slug":"sotning","status":"publish","type":"page","link":"https:\/\/www.sotarnailund.se\/?page_id=17","title":{"rendered":""},"content":{"rendered":"<h4><strong>Sotning<\/strong><\/h4>\n<p>Fastighets\u00e4garen har ett ansvar att h\u00e5lla ett rimligt brandskydd i sin fastighet. Det inneb\u00e4r bla att han m\u00e5ste se till att risken f\u00f6r soteld eller andra eldstadsrelaterade br\u00e4nder blir s\u00e5 liten som m\u00f6jligt.<\/p>\n<p>D\u00e5 \u00e4r skorstensfejaren den expert som han kan v\u00e4nda sig till. Kommunerna har ansvar f\u00f6r att alla sotningspliktiga objekt sotas.<\/p>\n<p>Sotningen skall utf\u00f6ras av den lokale skorstensfejarm\u00e4staren eller n\u00e5gon av hans medhj\u00e4lpare. Normalt h\u00e5ller de reda p\u00e5 n\u00e4r ett objekt skall sotas och aviserar i god tid till fastighets\u00e4garen att det \u00e4r tid att sota. Vanligen anges d\u00e5 en viss tid d\u00e5 sotningen skall ske. Skulle tiden vara ol\u00e4mplig kan fastighets\u00e4garen v\u00e4nda sig till skorstensfejarm\u00e4staren och komma \u00f6verens om en annan tid. I s\u00e5dana fall kan sotningen bli n\u00e5got dyrare \u00e4n om den angivna tiden accepteras. Om ingen kan vara hemma n\u00e4r skorstensfejaren kommer b\u00f6r man i f\u00f6rv\u00e4g komma \u00f6verens om hur denne skall f\u00e5 tilltr\u00e4de till fastigheten.<\/p>\n<p>I samband med sotningen g\u00f6r skorstensfejaren \u00e4ven en kontroll av brandskyddet i anslutning till sotningsobjekten. Ocks\u00e5 de takskyddsanordningar som beh\u00f6vs f\u00f6r sotningen kontrolleras.<\/p>\n<p>Om felaktigheter uppt\u00e4cks g\u00f6rs ett muntligt eller skriftligt p\u00e5pekande. Brandskyddskontroll skall ocks\u00e5 g\u00f6ras d\u00e5 ett sotningsobjekt inte har anv\u00e4nts under en period av fyra \u00e5r eller l\u00e4ngre.<\/p>\n<p>Kontakta skorstensfejarm\u00e4staren innan eldstaden eller r\u00f6kkanalen tas i bruk, ocks\u00e5 vid nyinstallation eller \u00e4ndringar av eldst\u00e4der eller r\u00f6kkanaler b\u00f6r skorstensfejarm\u00e4staren kontaktas f\u00f6r brandskyddskontroll.<\/p>\n<h5><a href=\"http:\/\/www.sotarnailund.se\/?page_id=27\">Boka h\u00e4r!<\/a><\/h5>\n<p>&nbsp;<\/p>\n","protected":false},"excerpt":{"rendered":"<p>Sotning Fastighets\u00e4garen har ett ansvar att h\u00e5lla ett rimligt brandskydd i sin fastighet. Det inneb\u00e4r bla att han m\u00e5ste se till att risken f\u00f6r soteld eller andra eldstadsrelaterade br\u00e4nder blir <a class=\"more-link\" href=\"https:\/\/www.sotarnailund.se\/?page_id=17\">Continue Reading &rarr;<\/a><\/p>\n","protected":false},"author":1,"featured_media":0,"parent":0,"menu_order":0,"comment_status":"closed","ping_status":"open","template":"","meta":{"footnotes":""},"class_list":["post-17","page","type-page","status-publish","hentry"],"_links":{"self":[{"href":"https:\/\/www.sotarnailund.se\/index.php?rest_route=\/wp\/v2\/pages\/17","targetHints":{"allow":["GET"]}}],"collection":[{"href":"https:\/\/www.sotarnailund.se\/index.php?rest_route=\/wp\/v2\/pages"}],"about":[{"href":"https:\/\/www.sotarnailund.se\/index.php?rest_route=\/wp\/v2\/types\/page"}],"author":[{"embeddable":true,"href":"https:\/\/www.sotarnailund.se\/index.php?rest_route=\/wp\/v2\/users\/1"}],"replies":[{"embeddable":true,"href":"https:\/\/www.sotarnailund.se\/index.php?rest_route=%2Fwp%2Fv2%2Fcomments&post=17"}],"version-history":[{"count":7,"href":"https:\/\/www.sotarnailund.se\/index.php?rest_route=\/wp\/v2\/pages\/17\/revisions"}],"predecessor-version":[{"id":220,"href":"https:\/\/www.sotarnailund.se\/index.php?rest_route=\/wp\/v2\/pages\/17\/revisions\/220"}],"wp:attachment":[{"href":"https:\/\/www.sotarnailund.se\/index.php?rest_route=%2Fwp%2Fv2%2Fmedia&parent=17"}],"curies":[{"name":"wp","href":"https:\/\/api.w.org\/{rel}","templated":true}]}}